{"id":10839,"date":"2022-03-23T10:28:40","date_gmt":"2022-03-23T09:28:40","guid":{"rendered":"https:\/\/www.petitconvent.com\/cultura\/"},"modified":"2022-04-07T11:19:59","modified_gmt":"2022-04-07T09:19:59","slug":"culture","status":"publish","type":"page","link":"https:\/\/www.petitconvent.com\/fr\/culture\/","title":{"rendered":"Culture"},"content":{"rendered":"[vc_row type=&#8221;in_container&#8221; full_screen_row_position=&#8221;middle&#8221; column_margin=&#8221;default&#8221; column_direction=&#8221;default&#8221; column_direction_tablet=&#8221;default&#8221; column_direction_phone=&#8221;default&#8221; scene_position=&#8221;center&#8221; text_color=&#8221;dark&#8221; text_align=&#8221;left&#8221; row_border_radius=&#8221;none&#8221; row_border_radius_applies=&#8221;bg&#8221; overlay_strength=&#8221;0.3&#8243; gradient_direction=&#8221;left_to_right&#8221; shape_divider_position=&#8221;bottom&#8221; bg_image_animation=&#8221;none&#8221;][vc_column column_padding=&#8221;no-extra-padding&#8221; column_padding_tablet=&#8221;inherit&#8221; column_padding_phone=&#8221;inherit&#8221; column_padding_position=&#8221;all&#8221; background_color_opacity=&#8221;1&#8243; background_hover_color_opacity=&#8221;1&#8243; column_shadow=&#8221;none&#8221; column_border_radius=&#8221;none&#8221; column_link_target=&#8221;_self&#8221; gradient_direction=&#8221;left_to_right&#8221; overlay_strength=&#8221;0.3&#8243; width=&#8221;1\/1&#8243; tablet_width_inherit=&#8221;default&#8221; tablet_text_alignment=&#8221;default&#8221; phone_text_alignment=&#8221;default&#8221; column_border_width=&#8221;none&#8221; column_border_style=&#8221;solid&#8221; bg_image_animation=&#8221;none&#8221;]<div  data-transition=\"slide\" data-overall_style=\"classic\" data-flexible-height=\"\" data-animate-in-effect=\"none\" data-fullscreen=\"true\" data-button-sizing=\"regular\" data-button-styling=\"btn_with_count\" data-autorotate=\"\" data-parallax=\"false\" data-parallax-disable-mobile=\"\" data-caption-trans=\"fade_in_from_bottom\" data-parallax-style=\"bg_only\" data-bg-animation=\"ken_burns\" data-full-width=\"true\" class=\"nectar-slider-wrap \" id=\"nectar-slider-instance-1\"><div class=\"swiper-container\"  data-tho=\"auto\" data-tco=\"auto\" data-pho=\"auto\" data-pco=\"auto\" data-loop=\"false\" data-height=\"650\" data-min-height=\"\" data-arrows=\"false\" data-bullets=\"false\" data-bullet_style=\"see_through\" data-bullet_position=\"bottom\" data-desktop-swipe=\"false\" data-settings=\"\"> <div class=\"swiper-wrapper\"><div class=\"swiper-slide\" data-desktop-content-width=\"auto\" data-tablet-content-width=\"auto\" data-bg-alignment=\"center\" data-color-scheme=\"light\" data-x-pos=\"left\" data-y-pos=\"middle\" ><div class=\"slide-bg-wrap\"><div class=\"image-bg\" style=\"background-image: url(https:\/\/www.petitconvent.com\/wp-content\/uploads\/2022\/02\/petit_convent_ullastret-1.jpeg);\"> &nbsp; <\/div><\/div><div class=\"container\">\n\t\t\t\t\t\t<div class=\"content\"><h2>Culture<\/h2><p  ><span>sur la Costa Brava<\/span><\/p><\/div>\n\t\t\t\t\t\t\t\t<\/div><!--\/container--><a href=\"#\" class=\"slider-down-arrow no-border\"><svg class=\"nectar-scroll-icon\" viewBox=\"0 0 30 45\" enable-background=\"new 0 0 30 45\">\n\t\t\t\t\t\t\t\t\t<path class=\"nectar-scroll-icon-path\" fill=\"none\" stroke=\"#ffffff\" stroke-width=\"2\" stroke-miterlimit=\"10\" d=\"M15,1.118c12.352,0,13.967,12.88,13.967,12.88v18.76  c0,0-1.514,11.204-13.967,11.204S0.931,32.966,0.931,32.966V14.05C0.931,14.05,2.648,1.118,15,1.118z\"><\/path>\n\t\t\t\t\t\t\t\t\t<\/svg><\/a><div class=\"video-texture \"> <span class=\"ie-fix\"><\/span> <\/div><\/div> <!--\/swiper-slide--><\/div><div class=\"nectar-slider-loading \"> <span class=\"loading-icon none\">   <\/span> <\/div> <\/div> \n\t\t\t\t\t\n\t\t\t\t\t<\/div>[\/vc_column][\/vc_row][vc_row type=&#8221;in_container&#8221; full_screen_row_position=&#8221;middle&#8221; column_margin=&#8221;default&#8221; column_direction=&#8221;default&#8221; column_direction_tablet=&#8221;default&#8221; column_direction_phone=&#8221;default&#8221; scene_position=&#8221;center&#8221; top_padding=&#8221;4%&#8221; bottom_padding=&#8221;4%&#8221; text_color=&#8221;dark&#8221; text_align=&#8221;left&#8221; row_border_radius=&#8221;none&#8221; row_border_radius_applies=&#8221;bg&#8221; id=&#8221;your-hotel&#8221; overlay_strength=&#8221;0.3&#8243; gradient_direction=&#8221;left_to_right&#8221; shape_divider_position=&#8221;bottom&#8221; bg_image_animation=&#8221;none&#8221; shape_type=&#8221;&#8221;][vc_column column_padding=&#8221;no-extra-padding&#8221; column_padding_tablet=&#8221;inherit&#8221; column_padding_phone=&#8221;inherit&#8221; column_padding_position=&#8221;all&#8221; background_color_opacity=&#8221;1&#8243; background_hover_color_opacity=&#8221;1&#8243; column_shadow=&#8221;none&#8221; column_border_radius=&#8221;none&#8221; column_link_target=&#8221;_self&#8221; gradient_direction=&#8221;left_to_right&#8221; overlay_strength=&#8221;0.3&#8243; width=&#8221;1\/1&#8243; tablet_width_inherit=&#8221;default&#8221; tablet_text_alignment=&#8221;default&#8221; phone_text_alignment=&#8221;default&#8221; column_border_width=&#8221;none&#8221; column_border_style=&#8221;solid&#8221; bg_image_animation=&#8221;none&#8221;][vc_column_text]\n<h2 style=\"text-align: center;\"><span style=\"color: #67635a;\">La culture sur la Costa Brava<\/span><\/h2>\n[\/vc_column_text][divider line_type=&#8221;No Line&#8221;][vc_column_text]\n<h6><span style=\"color: #67635a;\">Espagnols, Grecs, Romains, Musulmans, Francs et Chr\u00e9tiens y ont laiss\u00e9 leur empreinte. Les vestiges arch\u00e9ologiques de la ville gr\u00e9co-romaine d&#8217;Emp\u00faries, la ville espagnole d&#8217;Ullastret et les villes m\u00e9di\u00e9vales de Pals, Peratallada et Monells en sont quelques exemples. C&#8217;est \u00e9galement le lieu de naissance de l&#8217;\u00e9crivain exceptionnel Josep Pla et de l&#8217;un de nos peintres les plus c\u00e9l\u00e8bres, Salvador Dal\u00ed. C&#8217;est \u00e9galement le berceau de grands gourous de la cuisine catalane tels que Ferr\u00e1n Adri\u00e0 et de restaurants exceptionnels tels que le Celler de Can Roca, g\u00e9r\u00e9 et dirig\u00e9 par les fr\u00e8res Roca \u00e0 G\u00e9rone.<\/span><\/h6>\n[\/vc_column_text][\/vc_column][\/vc_row][vc_row type=&#8221;in_container&#8221; full_screen_row_position=&#8221;middle&#8221; column_margin=&#8221;default&#8221; column_direction=&#8221;default&#8221; column_direction_tablet=&#8221;default&#8221; column_direction_phone=&#8221;default&#8221; scene_position=&#8221;center&#8221; text_color=&#8221;dark&#8221; text_align=&#8221;left&#8221; row_border_radius=&#8221;none&#8221; row_border_radius_applies=&#8221;bg&#8221; overlay_strength=&#8221;0.3&#8243; gradient_direction=&#8221;left_to_right&#8221; shape_divider_position=&#8221;bottom&#8221; bg_image_animation=&#8221;none&#8221;][vc_column column_padding=&#8221;no-extra-padding&#8221; column_padding_tablet=&#8221;inherit&#8221; column_padding_phone=&#8221;inherit&#8221; column_padding_position=&#8221;all&#8221; centered_text=&#8221;true&#8221; background_color_opacity=&#8221;1&#8243; background_hover_color_opacity=&#8221;1&#8243; column_shadow=&#8221;none&#8221; column_border_radius=&#8221;none&#8221; column_link_target=&#8221;_self&#8221; gradient_direction=&#8221;left_to_right&#8221; overlay_strength=&#8221;0.3&#8243; width=&#8221;1\/2&#8243; tablet_width_inherit=&#8221;default&#8221; tablet_text_alignment=&#8221;default&#8221; phone_text_alignment=&#8221;default&#8221; column_border_width=&#8221;none&#8221; column_border_style=&#8221;solid&#8221; bg_image_animation=&#8221;none&#8221;][team_member image_url=&#8221;10410&#8243; bio_alt_image_url=&#8221;10412&#8243; team_memeber_style=&#8221;bio_fullscreen_alt&#8221; image_loading=&#8221;default&#8221; name=&#8221;Cultura&#8221; job_position=&#8221;ULLASTRET&#8221; team_member_mini_bio=&#8221;Une ancienne ville ib\u00e9rique qui regorge d&#8217;activit\u00e9s originales pour d\u00e9couvrir son histoire de mani\u00e8re ludique.&#8221; team_member_bio=&#8221;Quelque 2 500 ans d&#8217;histoire passent vite lorsqu&#8217;on nous pr\u00e9sente quelque chose d&#8217;aussi majestueux \u00e0 regarder et tant de choses \u00e0 faire. Et c&#8217;est ce que propose cette ville historique de l&#8217;Empord\u00e0. Comprendre ce qu&#8217;\u00e9tait la vie sur le site MAC Ullastret de cette ville ib\u00e9rique et d\u00e9couvrir l&#8217;histoire qui se cache derri\u00e8re les mill\u00e9naires Cabe\u00e7ades Cortades d&#8217;Ullastret, visiter le mus\u00e9e d&#8217;arch\u00e9ologie de Catalogne ou suivre la route ib\u00e9rique ou la pittoresque route Josep Pla sont quelques-unes des exp\u00e9riences historiques et visuelles les plus riches de la Costa Brava. Une visite \u00e0 La Fonteta s&#8217;impose, o\u00f9 vous pourrez d\u00e9guster le typique Drap (fromage blanc de Fonteta) au miel, et vous pourrez \u00e9galement voir comment il est \u00e9labor\u00e9 avec du lait de ch\u00e8vre \u00e0 la Casa Martell si vous le souhaitez.&#8221; social_link_1=&#8221;https:\/\/www.instagram.com\/conventgrup\/&#8221; social_link_2=&#8221;https:\/\/www.facebook.com\/conventgrup\/&#8221; social_icon_1=&#8221;fa fa-instagram&#8221; social_icon_2=&#8221;fa fa-facebook&#8221;][\/vc_column][vc_column column_padding=&#8221;no-extra-padding&#8221; column_padding_tablet=&#8221;inherit&#8221; column_padding_phone=&#8221;inherit&#8221; column_padding_position=&#8221;all&#8221; centered_text=&#8221;true&#8221; background_color_opacity=&#8221;1&#8243; background_hover_color_opacity=&#8221;1&#8243; column_shadow=&#8221;none&#8221; column_border_radius=&#8221;none&#8221; column_link_target=&#8221;_self&#8221; gradient_direction=&#8221;left_to_right&#8221; overlay_strength=&#8221;0.3&#8243; width=&#8221;1\/2&#8243; tablet_width_inherit=&#8221;default&#8221; tablet_text_alignment=&#8221;default&#8221; phone_text_alignment=&#8221;default&#8221; column_border_width=&#8221;none&#8221; column_border_style=&#8221;solid&#8221; bg_image_animation=&#8221;none&#8221;][team_member image_url=&#8221;10414&#8243; bio_alt_image_url=&#8221;10416&#8243; team_memeber_style=&#8221;bio_fullscreen_alt&#8221; image_loading=&#8221;default&#8221; name=&#8221;Cultura&#8221; job_position=&#8221;CRU\u00cfLLES-MONELLS -SANT SADURN\u00cd DE L&#8217;HEURA&#8221; team_member_mini_bio=&#8221;Ces villes, unies en 1973, offrent aujourd&#8217;hui une richesse de beaut\u00e9, d&#8217;atmosph\u00e8re et d&#8217;histoire.&#8221; team_member_bio=&#8221;On peut respirer la profondeur et les racines du sol de l&#8217;Empord\u00e0 dans ces trois villages, qui ont \u00e9t\u00e9 r\u00e9unis en 1973 pour former une seule municipalit\u00e9. Elles ne sont qu&#8217;\u00e0 quelques minutes de route l&#8217;une de l&#8217;autre, ce qui permet de les visiter facilement l&#8217;une apr\u00e8s l&#8217;autre. De ce trio, nous retiendrons surtout le beau village de Cru\u00eflles, son centre m\u00e9di\u00e9val et son monast\u00e8re, la chapelle de la Mare de D\u00e9u d&#8217;Esperan\u00e7a et l&#8217;\u00e9glise de Santa Eulalia. Pour les amateurs de randonn\u00e9e, l&#8217;Empord\u00e0 offre un magnifique parcours qui couvre tous ces points d&#8217;une grande richesse patrimoniale : une promenade \u00e0 travers Les Gavarres, l&#8217;histoire et la nature de la pin\u00e8de de l&#8217;Aulet, le ch\u00eane vert de Can Girbay et de La Grossa, entre autres, avant de visiter l&#8217;\u00e9glise romantique de Sant Joan de Salellas.&#8221; social_link_1=&#8221;https:\/\/www.instagram.com\/conventgrup\/&#8221; social_link_2=&#8221;https:\/\/www.facebook.com\/conventgrup\/&#8221; social_icon_1=&#8221;fa fa-instagram&#8221; social_icon_2=&#8221;fa fa-facebook&#8221;][\/vc_column][\/vc_row]\n","protected":false},"excerpt":{"rendered":"<p>[vc_row type=&#8221;in_container&#8221; full_screen_row_position=&#8221;middle&#8221; column_margin=&#8221;default&#8221; column_direction=&#8221;default&#8221; column_direction_tablet=&#8221;default&#8221; column_direction_phone=&#8221;default&#8221; scene_position=&#8221;center&#8221; text_color=&#8221;dark&#8221; text_align=&#8221;left&#8221; row_border_radius=&#8221;none&#8221; row_border_radius_applies=&#8221;bg&#8221; overlay_strength=&#8221;0.3&#8243; gradient_direction=&#8221;left_to_right&#8221; shape_divider_position=&#8221;bottom&#8221; bg_image_animation=&#8221;none&#8221;][vc_column column_padding=&#8221;no-extra-padding&#8221; column_padding_tablet=&#8221;inherit&#8221; column_padding_phone=&#8221;inherit&#8221; column_padding_position=&#8221;all&#8221; background_color_opacity=&#8221;1&#8243; background_hover_color_opacity=&#8221;1&#8243; column_shadow=&#8221;none&#8221; column_border_radius=&#8221;none&#8221; column_link_target=&#8221;_self&#8221; gradient_direction=&#8221;left_to_right&#8221; overlay_strength=&#8221;0.3&#8243; width=&#8221;1\/1&#8243; tablet_width_inherit=&#8221;default&#8221; tablet_text_alignment=&#8221;default&#8221;&#8230;<\/p>\n","protected":false},"author":3,"featured_media":0,"parent":0,"menu_order":0,"comment_status":"closed","ping_status":"closed","template":"","meta":{"_joinchat":[]},"_links":{"self":[{"href":"https:\/\/www.petitconvent.com\/fr\/wp-json\/wp\/v2\/pages\/10839"}],"collection":[{"href":"https:\/\/www.petitconvent.com\/fr\/wp-json\/wp\/v2\/pages"}],"about":[{"href":"https:\/\/www.petitconvent.com\/fr\/wp-json\/wp\/v2\/types\/page"}],"author":[{"embeddable":true,"href":"https:\/\/www.petitconvent.com\/fr\/wp-json\/wp\/v2\/users\/3"}],"replies":[{"embeddable":true,"href":"https:\/\/www.petitconvent.com\/fr\/wp-json\/wp\/v2\/comments?post=10839"}],"version-history":[{"count":3,"href":"https:\/\/www.petitconvent.com\/fr\/wp-json\/wp\/v2\/pages\/10839\/revisions"}],"predecessor-version":[{"id":10841,"href":"https:\/\/www.petitconvent.com\/fr\/wp-json\/wp\/v2\/pages\/10839\/revisions\/10841"}],"wp:attachment":[{"href":"https:\/\/www.petitconvent.com\/fr\/wp-json\/wp\/v2\/media?parent=10839"}],"curies":[{"name":"wp","href":"https:\/\/api.w.org\/{rel}","templated":true}]}}