{"id":10408,"date":"2022-02-22T10:13:25","date_gmt":"2022-02-22T09:13:25","guid":{"rendered":"https:\/\/www.petitconvent.com\/?page_id=10408"},"modified":"2022-04-07T10:13:57","modified_gmt":"2022-04-07T08:13:57","slug":"culture","status":"publish","type":"page","link":"https:\/\/www.petitconvent.com\/en\/culture\/","title":{"rendered":"Culture"},"content":{"rendered":"[vc_row type=&#8221;in_container&#8221; full_screen_row_position=&#8221;middle&#8221; column_margin=&#8221;default&#8221; column_direction=&#8221;default&#8221; column_direction_tablet=&#8221;default&#8221; column_direction_phone=&#8221;default&#8221; scene_position=&#8221;center&#8221; text_color=&#8221;dark&#8221; text_align=&#8221;left&#8221; row_border_radius=&#8221;none&#8221; row_border_radius_applies=&#8221;bg&#8221; overlay_strength=&#8221;0.3&#8243; gradient_direction=&#8221;left_to_right&#8221; shape_divider_position=&#8221;bottom&#8221; bg_image_animation=&#8221;none&#8221;][vc_column column_padding=&#8221;no-extra-padding&#8221; column_padding_tablet=&#8221;inherit&#8221; column_padding_phone=&#8221;inherit&#8221; column_padding_position=&#8221;all&#8221; background_color_opacity=&#8221;1&#8243; background_hover_color_opacity=&#8221;1&#8243; column_shadow=&#8221;none&#8221; column_border_radius=&#8221;none&#8221; column_link_target=&#8221;_self&#8221; gradient_direction=&#8221;left_to_right&#8221; overlay_strength=&#8221;0.3&#8243; width=&#8221;1\/1&#8243; tablet_width_inherit=&#8221;default&#8221; tablet_text_alignment=&#8221;default&#8221; phone_text_alignment=&#8221;default&#8221; column_border_width=&#8221;none&#8221; column_border_style=&#8221;solid&#8221; bg_image_animation=&#8221;none&#8221;]<div  data-transition=\"slide\" data-overall_style=\"classic\" data-flexible-height=\"\" data-animate-in-effect=\"none\" data-fullscreen=\"true\" data-button-sizing=\"regular\" data-button-styling=\"btn_with_count\" data-autorotate=\"\" data-parallax=\"false\" data-parallax-disable-mobile=\"\" data-caption-trans=\"fade_in_from_bottom\" data-parallax-style=\"bg_only\" data-bg-animation=\"ken_burns\" data-full-width=\"true\" class=\"nectar-slider-wrap \" id=\"nectar-slider-instance-1\"><div class=\"swiper-container\"  data-tho=\"auto\" data-tco=\"auto\" data-pho=\"auto\" data-pco=\"auto\" data-loop=\"false\" data-height=\"650\" data-min-height=\"\" data-arrows=\"false\" data-bullets=\"false\" data-bullet_style=\"see_through\" data-bullet_position=\"bottom\" data-desktop-swipe=\"false\" data-settings=\"\"> <div class=\"swiper-wrapper\"><div class=\"swiper-slide\" data-desktop-content-width=\"auto\" data-tablet-content-width=\"auto\" data-bg-alignment=\"center\" data-color-scheme=\"light\" data-x-pos=\"left\" data-y-pos=\"middle\" ><div class=\"slide-bg-wrap\"><div class=\"image-bg\" style=\"background-image: url(https:\/\/www.petitconvent.com\/wp-content\/uploads\/2022\/02\/petit_convent_ullastret-1.jpeg);\"> &nbsp; <\/div><\/div><div class=\"container\">\n\t\t\t\t\t\t<div class=\"content\"><h2>Culture<\/h2><p  ><span>On the Costa Brava<\/span><\/p><\/div>\n\t\t\t\t\t\t\t\t<\/div><!--\/container--><a href=\"#\" class=\"slider-down-arrow no-border\"><svg class=\"nectar-scroll-icon\" viewBox=\"0 0 30 45\" enable-background=\"new 0 0 30 45\">\n\t\t\t\t\t\t\t\t\t<path class=\"nectar-scroll-icon-path\" fill=\"none\" stroke=\"#ffffff\" stroke-width=\"2\" stroke-miterlimit=\"10\" d=\"M15,1.118c12.352,0,13.967,12.88,13.967,12.88v18.76  c0,0-1.514,11.204-13.967,11.204S0.931,32.966,0.931,32.966V14.05C0.931,14.05,2.648,1.118,15,1.118z\"><\/path>\n\t\t\t\t\t\t\t\t\t<\/svg><\/a><div class=\"video-texture \"> <span class=\"ie-fix\"><\/span> <\/div><\/div> <!--\/swiper-slide--><\/div><div class=\"nectar-slider-loading \"> <span class=\"loading-icon none\">   <\/span> <\/div> <\/div> \n\t\t\t\t\t\n\t\t\t\t\t<\/div>[\/vc_column][\/vc_row][vc_row type=&#8221;in_container&#8221; full_screen_row_position=&#8221;middle&#8221; column_margin=&#8221;default&#8221; column_direction=&#8221;default&#8221; column_direction_tablet=&#8221;default&#8221; column_direction_phone=&#8221;default&#8221; scene_position=&#8221;center&#8221; top_padding=&#8221;4%&#8221; bottom_padding=&#8221;4%&#8221; text_color=&#8221;dark&#8221; text_align=&#8221;left&#8221; row_border_radius=&#8221;none&#8221; row_border_radius_applies=&#8221;bg&#8221; id=&#8221;your-hotel&#8221; overlay_strength=&#8221;0.3&#8243; gradient_direction=&#8221;left_to_right&#8221; shape_divider_position=&#8221;bottom&#8221; bg_image_animation=&#8221;none&#8221; shape_type=&#8221;&#8221;][vc_column column_padding=&#8221;no-extra-padding&#8221; column_padding_tablet=&#8221;inherit&#8221; column_padding_phone=&#8221;inherit&#8221; column_padding_position=&#8221;all&#8221; background_color_opacity=&#8221;1&#8243; background_hover_color_opacity=&#8221;1&#8243; column_shadow=&#8221;none&#8221; column_border_radius=&#8221;none&#8221; column_link_target=&#8221;_self&#8221; gradient_direction=&#8221;left_to_right&#8221; overlay_strength=&#8221;0.3&#8243; width=&#8221;1\/1&#8243; tablet_width_inherit=&#8221;default&#8221; tablet_text_alignment=&#8221;default&#8221; phone_text_alignment=&#8221;default&#8221; column_border_width=&#8221;none&#8221; column_border_style=&#8221;solid&#8221; bg_image_animation=&#8221;none&#8221;][vc_column_text]\n<h2 style=\"text-align: center;\"><span style=\"color: #67635a;\">Culture on the Costa Brava<\/span><\/h2>\n[\/vc_column_text][divider line_type=&#8221;No Line&#8221;][vc_column_text]\n<h6><span style=\"color: #67635a;\">The Spanish, Greeks, Romans, Muslims, Franks and Christians have all left their mark here. Some examples are the archaeological remains of the Greco-Roman city of Emp\u00faries, the Spanish town of Ullastret and the medieval towns of Pals, Peratallada and Monells. All areas embraced under the name of &#8220;Empord\u00e0&#8221;This was also home to the exceptional writer Josep Pla and one of our most widely known painters, Salvador Dal\u00ed. It is also the home to great gurus of Catalan cuisine like Ferr\u00e1n Adri\u00e0 and outstanding restaurants such as the Celler de Can Roca, managed and directed by the Roca brothers in Girona.<\/span><\/h6>\n[\/vc_column_text][\/vc_column][\/vc_row][vc_row type=&#8221;in_container&#8221; full_screen_row_position=&#8221;middle&#8221; column_margin=&#8221;default&#8221; column_direction=&#8221;default&#8221; column_direction_tablet=&#8221;default&#8221; column_direction_phone=&#8221;default&#8221; scene_position=&#8221;center&#8221; text_color=&#8221;dark&#8221; text_align=&#8221;left&#8221; row_border_radius=&#8221;none&#8221; row_border_radius_applies=&#8221;bg&#8221; overlay_strength=&#8221;0.3&#8243; gradient_direction=&#8221;left_to_right&#8221; shape_divider_position=&#8221;bottom&#8221; bg_image_animation=&#8221;none&#8221;][vc_column column_padding=&#8221;no-extra-padding&#8221; column_padding_tablet=&#8221;inherit&#8221; column_padding_phone=&#8221;inherit&#8221; column_padding_position=&#8221;all&#8221; centered_text=&#8221;true&#8221; background_color_opacity=&#8221;1&#8243; background_hover_color_opacity=&#8221;1&#8243; column_shadow=&#8221;none&#8221; column_border_radius=&#8221;none&#8221; column_link_target=&#8221;_self&#8221; gradient_direction=&#8221;left_to_right&#8221; overlay_strength=&#8221;0.3&#8243; width=&#8221;1\/2&#8243; tablet_width_inherit=&#8221;default&#8221; tablet_text_alignment=&#8221;default&#8221; phone_text_alignment=&#8221;default&#8221; column_border_width=&#8221;none&#8221; column_border_style=&#8221;solid&#8221; bg_image_animation=&#8221;none&#8221;][team_member image_url=&#8221;10410&#8243; bio_alt_image_url=&#8221;10412&#8243; team_memeber_style=&#8221;bio_fullscreen_alt&#8221; image_loading=&#8221;default&#8221; name=&#8221;Culture&#8221; job_position=&#8221;ULLASTRET&#8221; team_member_mini_bio=&#8221;Ancient Iberian city full of original activities to discover its history in an entertaining way.&#8221; team_member_bio=&#8221;Some 2,500 years of history pass by quickly when we are presented with something so majestic to look at and so many things to do. And that is what this historical town of Empord\u00e0 has to offer. Understanding what life was like at the MAC Ullastret site of this Iberian city and discovering the history behind the thousand-year-old Severed Heads of Ullastret, visiting the Archaeology Museum of Catalonia or the following the Route of the Iberians or the picturesque Josep Pla route are some of the Costa Brava&#8217;s richest historical and visual experiences. A visit to Fonteta is a must, where you can try the typical recruit de Drap (Fonteta cottage cheese) with honey, and you can also see how it is made using goat&#8217;s milk in Casa Martell if you wish.&#8221; social_link_1=&#8221;https:\/\/www.instagram.com\/conventgrup\/&#8221; social_link_2=&#8221;https:\/\/www.facebook.com\/conventgrup\/&#8221; social_icon_1=&#8221;fa fa-instagram&#8221; social_icon_2=&#8221;fa fa-facebook&#8221;][\/vc_column][vc_column column_padding=&#8221;no-extra-padding&#8221; column_padding_tablet=&#8221;inherit&#8221; column_padding_phone=&#8221;inherit&#8221; column_padding_position=&#8221;all&#8221; centered_text=&#8221;true&#8221; background_color_opacity=&#8221;1&#8243; background_hover_color_opacity=&#8221;1&#8243; column_shadow=&#8221;none&#8221; column_border_radius=&#8221;none&#8221; column_link_target=&#8221;_self&#8221; gradient_direction=&#8221;left_to_right&#8221; overlay_strength=&#8221;0.3&#8243; width=&#8221;1\/2&#8243; tablet_width_inherit=&#8221;default&#8221; tablet_text_alignment=&#8221;default&#8221; phone_text_alignment=&#8221;default&#8221; column_border_width=&#8221;none&#8221; column_border_style=&#8221;solid&#8221; bg_image_animation=&#8221;none&#8221;][team_member image_url=&#8221;10414&#8243; bio_alt_image_url=&#8221;10416&#8243; team_memeber_style=&#8221;bio_fullscreen_alt&#8221; image_loading=&#8221;default&#8221; name=&#8221;Culture&#8221; job_position=&#8221;CRU\u00cfLLES-MONELLS -SANT SADURN\u00cd DE L&#8217;HEURA&#8221; team_member_mini_bio=&#8221;These cities, joined together in 1973, currently offer a wealth of beauty, atmosphere and history.&#8221; team_member_bio=&#8221;You will be able to breathe in the depth and roots of the Empord\u00e0 land in these three towns that were joined together in 1973, forming one town council. They are just a few minutes by car from each other, so it is simple to visit them consecutively. Out of this threesome, we would especially like to highlight the beautiful town of Cru\u00eflles, its medieval centre and monastery, the Ermita de la Mare de D\u00e9u d&#8217;Esperan\u00e7a hermitage and the Santa Eulalia church. For hiking fans, Empord\u00e0 offers a magnificent route that covers all these culturally rich heritage points : a walk around Les Gavarres, the history and nature of the pine tree of l&#8217;Aulet, the holm oak of Can Girbay and la Grossa, among others, before visiting the romantic church of Sant Joan De Salellas.&#8221; social_link_1=&#8221;https:\/\/www.instagram.com\/conventgrup\/&#8221; social_link_2=&#8221;https:\/\/www.facebook.com\/conventgrup\/&#8221; social_icon_1=&#8221;fa fa-instagram&#8221; social_icon_2=&#8221;fa fa-facebook&#8221;][\/vc_column][\/vc_row]\n","protected":false},"excerpt":{"rendered":"<p>[vc_row type=&#8221;in_container&#8221; full_screen_row_position=&#8221;middle&#8221; column_margin=&#8221;default&#8221; column_direction=&#8221;default&#8221; column_direction_tablet=&#8221;default&#8221; column_direction_phone=&#8221;default&#8221; scene_position=&#8221;center&#8221; text_color=&#8221;dark&#8221; text_align=&#8221;left&#8221; row_border_radius=&#8221;none&#8221; row_border_radius_applies=&#8221;bg&#8221; overlay_strength=&#8221;0.3&#8243; gradient_direction=&#8221;left_to_right&#8221; shape_divider_position=&#8221;bottom&#8221; bg_image_animation=&#8221;none&#8221;][vc_column column_padding=&#8221;no-extra-padding&#8221; column_padding_tablet=&#8221;inherit&#8221; column_padding_phone=&#8221;inherit&#8221; column_padding_position=&#8221;all&#8221; background_color_opacity=&#8221;1&#8243; background_hover_color_opacity=&#8221;1&#8243; column_shadow=&#8221;none&#8221; column_border_radius=&#8221;none&#8221; column_link_target=&#8221;_self&#8221; gradient_direction=&#8221;left_to_right&#8221; overlay_strength=&#8221;0.3&#8243; width=&#8221;1\/1&#8243; tablet_width_inherit=&#8221;default&#8221; tablet_text_alignment=&#8221;default&#8221;&#8230;<\/p>\n","protected":false},"author":3,"featured_media":0,"parent":0,"menu_order":0,"comment_status":"closed","ping_status":"closed","template":"","meta":{"_joinchat":[]},"_links":{"self":[{"href":"https:\/\/www.petitconvent.com\/en\/wp-json\/wp\/v2\/pages\/10408"}],"collection":[{"href":"https:\/\/www.petitconvent.com\/en\/wp-json\/wp\/v2\/pages"}],"about":[{"href":"https:\/\/www.petitconvent.com\/en\/wp-json\/wp\/v2\/types\/page"}],"author":[{"embeddable":true,"href":"https:\/\/www.petitconvent.com\/en\/wp-json\/wp\/v2\/users\/3"}],"replies":[{"embeddable":true,"href":"https:\/\/www.petitconvent.com\/en\/wp-json\/wp\/v2\/comments?post=10408"}],"version-history":[{"count":5,"href":"https:\/\/www.petitconvent.com\/en\/wp-json\/wp\/v2\/pages\/10408\/revisions"}],"predecessor-version":[{"id":10819,"href":"https:\/\/www.petitconvent.com\/en\/wp-json\/wp\/v2\/pages\/10408\/revisions\/10819"}],"wp:attachment":[{"href":"https:\/\/www.petitconvent.com\/en\/wp-json\/wp\/v2\/media?parent=10408"}],"curies":[{"name":"wp","href":"https:\/\/api.w.org\/{rel}","templated":true}]}}