{"id":10884,"date":"2021-10-18T10:13:36","date_gmt":"2021-10-18T08:13:36","guid":{"rendered":"https:\/\/www.petitconvent.com\/playas\/"},"modified":"2022-04-07T12:20:15","modified_gmt":"2022-04-07T10:20:15","slug":"platges","status":"publish","type":"page","link":"https:\/\/www.petitconvent.com\/ca\/platges\/","title":{"rendered":"Platges"},"content":{"rendered":"[vc_row type=&#8221;in_container&#8221; full_screen_row_position=&#8221;middle&#8221; column_margin=&#8221;default&#8221; column_direction=&#8221;default&#8221; column_direction_tablet=&#8221;default&#8221; column_direction_phone=&#8221;default&#8221; scene_position=&#8221;center&#8221; text_color=&#8221;dark&#8221; text_align=&#8221;left&#8221; row_border_radius=&#8221;none&#8221; row_border_radius_applies=&#8221;bg&#8221; overlay_strength=&#8221;0.3&#8243; gradient_direction=&#8221;left_to_right&#8221; shape_divider_position=&#8221;bottom&#8221; bg_image_animation=&#8221;none&#8221;][vc_column column_padding=&#8221;no-extra-padding&#8221; column_padding_tablet=&#8221;inherit&#8221; column_padding_phone=&#8221;inherit&#8221; column_padding_position=&#8221;all&#8221; background_color_opacity=&#8221;1&#8243; background_hover_color_opacity=&#8221;1&#8243; column_shadow=&#8221;none&#8221; column_border_radius=&#8221;none&#8221; column_link_target=&#8221;_self&#8221; gradient_direction=&#8221;left_to_right&#8221; overlay_strength=&#8221;0.3&#8243; width=&#8221;1\/1&#8243; tablet_width_inherit=&#8221;default&#8221; tablet_text_alignment=&#8221;default&#8221; phone_text_alignment=&#8221;default&#8221; column_border_width=&#8221;none&#8221; column_border_style=&#8221;solid&#8221; bg_image_animation=&#8221;none&#8221;]<div  data-transition=\"slide\" data-overall_style=\"classic\" data-flexible-height=\"\" data-animate-in-effect=\"none\" data-fullscreen=\"true\" data-button-sizing=\"regular\" data-button-styling=\"btn_with_count\" data-autorotate=\"\" data-parallax=\"false\" data-parallax-disable-mobile=\"\" data-caption-trans=\"fade_in_from_bottom\" data-parallax-style=\"bg_only\" data-bg-animation=\"ken_burns\" data-full-width=\"true\" class=\"nectar-slider-wrap \" id=\"nectar-slider-instance-1\"><div class=\"swiper-container\"  data-tho=\"auto\" data-tco=\"auto\" data-pho=\"auto\" data-pco=\"auto\" data-loop=\"false\" data-height=\"650\" data-min-height=\"\" data-arrows=\"false\" data-bullets=\"false\" data-bullet_style=\"see_through\" data-bullet_position=\"bottom\" data-desktop-swipe=\"false\" data-settings=\"\"> <div class=\"swiper-wrapper\"><div class=\"swiper-slide\" data-desktop-content-width=\"auto\" data-tablet-content-width=\"auto\" data-bg-alignment=\"center\" data-color-scheme=\"light\" data-x-pos=\"left\" data-y-pos=\"middle\" ><div class=\"slide-bg-wrap\"><div class=\"image-bg\" style=\"background-image: url(https:\/\/www.petitconvent.com\/wp-content\/uploads\/2022\/02\/petit_convent_caminos_ronda.jpeg);\"> &nbsp; <\/div><\/div><div class=\"container\">\n\t\t\t\t\t\t<div class=\"content\"><h2>Platges<\/h2><p  ><span>Espectacular i \u00fanic<\/span><\/p><\/div>\n\t\t\t\t\t\t\t\t<\/div><!--\/container--><a href=\"#\" class=\"slider-down-arrow no-border\"><svg class=\"nectar-scroll-icon\" viewBox=\"0 0 30 45\" enable-background=\"new 0 0 30 45\">\n\t\t\t\t\t\t\t\t\t<path class=\"nectar-scroll-icon-path\" fill=\"none\" stroke=\"#ffffff\" stroke-width=\"2\" stroke-miterlimit=\"10\" d=\"M15,1.118c12.352,0,13.967,12.88,13.967,12.88v18.76  c0,0-1.514,11.204-13.967,11.204S0.931,32.966,0.931,32.966V14.05C0.931,14.05,2.648,1.118,15,1.118z\"><\/path>\n\t\t\t\t\t\t\t\t\t<\/svg><\/a><div class=\"video-texture \"> <span class=\"ie-fix\"><\/span> <\/div><\/div> <!--\/swiper-slide--><\/div><div class=\"nectar-slider-loading \"> <span class=\"loading-icon none\">   <\/span> <\/div> <\/div> \n\t\t\t\t\t\n\t\t\t\t\t<\/div>[\/vc_column][\/vc_row][vc_row type=&#8221;in_container&#8221; full_screen_row_position=&#8221;middle&#8221; column_margin=&#8221;default&#8221; column_direction=&#8221;default&#8221; column_direction_tablet=&#8221;default&#8221; column_direction_phone=&#8221;default&#8221; scene_position=&#8221;center&#8221; top_padding=&#8221;4%&#8221; bottom_padding=&#8221;4%&#8221; text_color=&#8221;dark&#8221; text_align=&#8221;left&#8221; row_border_radius=&#8221;none&#8221; row_border_radius_applies=&#8221;bg&#8221; id=&#8221;your-hotel&#8221; overlay_strength=&#8221;0.3&#8243; gradient_direction=&#8221;left_to_right&#8221; shape_divider_position=&#8221;bottom&#8221; bg_image_animation=&#8221;none&#8221; shape_type=&#8221;&#8221;][vc_column column_padding=&#8221;no-extra-padding&#8221; column_padding_tablet=&#8221;inherit&#8221; column_padding_phone=&#8221;inherit&#8221; column_padding_position=&#8221;all&#8221; background_color_opacity=&#8221;1&#8243; background_hover_color_opacity=&#8221;1&#8243; column_shadow=&#8221;none&#8221; column_border_radius=&#8221;none&#8221; column_link_target=&#8221;_self&#8221; gradient_direction=&#8221;left_to_right&#8221; overlay_strength=&#8221;0.3&#8243; width=&#8221;1\/1&#8243; tablet_width_inherit=&#8221;default&#8221; tablet_text_alignment=&#8221;default&#8221; phone_text_alignment=&#8221;default&#8221; column_border_width=&#8221;none&#8221; column_border_style=&#8221;solid&#8221; bg_image_animation=&#8221;none&#8221;][vc_column_text]\n<h2 style=\"text-align: center;\"><span style=\"color: #67635a;\">Platges a Begur<\/span><\/h2>\n[\/vc_column_text][divider line_type=&#8221;No Line&#8221;][vc_column_text]\n<h6><span style=\"color: #67635a;\">Els viatgers de tot el m\u00f3n que busquen un lloc ser\u00e8 que a m\u00e9s ofereixi un entreteniment lleuger trien aquesta regi\u00f3 com un dels seus llocs favorits per visitar. Aqu\u00ed trobareu tot all\u00f2 imaginable per gaudir dels petits luxes de la vida. Des de Begur fins a Cadaqu\u00e9s trobareu una hospitalitat \u00fanica, tan representativa de la cultura catalana, entre paisatges camale\u00f2nics i un &#8220;savoir faire&#8221; culinari digne de les millors escoles de cuina Michelin. <\/span><\/h6>\n<h6><span style=\"color: #67635a;\">Els colors que conformen el tel\u00f3 de fons de les platges de Begur s\u00f3n \u00fanics a la Mediterr\u00e0nia. Blaus safir i verds maragda complementen l&#8217;espectacularitat de la costa i els seus voltants. Si us agraden els ambients aut\u00e8ntics, tranquils i tranquils, el Petit Convent us guiar\u00e0 cap a les millors cales i platges de la Costa Brava.<\/span><\/h6>\n[\/vc_column_text][\/vc_column][\/vc_row][vc_row type=&#8221;in_container&#8221; full_screen_row_position=&#8221;middle&#8221; column_margin=&#8221;default&#8221; column_direction=&#8221;default&#8221; column_direction_tablet=&#8221;default&#8221; column_direction_phone=&#8221;default&#8221; scene_position=&#8221;center&#8221; text_color=&#8221;dark&#8221; text_align=&#8221;left&#8221; row_border_radius=&#8221;none&#8221; row_border_radius_applies=&#8221;bg&#8221; overlay_strength=&#8221;0.3&#8243; gradient_direction=&#8221;left_to_right&#8221; shape_divider_position=&#8221;bottom&#8221; bg_image_animation=&#8221;none&#8221;][vc_column column_padding=&#8221;no-extra-padding&#8221; column_padding_tablet=&#8221;inherit&#8221; column_padding_phone=&#8221;inherit&#8221; column_padding_position=&#8221;all&#8221; centered_text=&#8221;true&#8221; background_color_opacity=&#8221;1&#8243; background_hover_color_opacity=&#8221;1&#8243; column_shadow=&#8221;none&#8221; column_border_radius=&#8221;none&#8221; column_link_target=&#8221;_self&#8221; gradient_direction=&#8221;left_to_right&#8221; overlay_strength=&#8221;0.3&#8243; width=&#8221;1\/2&#8243; tablet_width_inherit=&#8221;default&#8221; tablet_text_alignment=&#8221;default&#8221; phone_text_alignment=&#8221;default&#8221; column_border_width=&#8221;none&#8221; column_border_style=&#8221;solid&#8221; bg_image_animation=&#8221;none&#8221;][team_member image_url=&#8221;10366&#8243; bio_alt_image_url=&#8221;10364&#8243; team_memeber_style=&#8221;bio_fullscreen_alt&#8221; image_loading=&#8221;default&#8221; name=&#8221;AIGUAFREDA&#8221; job_position=&#8221;Platja&#8221; team_member_mini_bio=&#8221;Platja amb una naturalesa salvatge \u00fanica i un fons mar\u00ed extraordin\u00e0riament latent.&#8221; team_member_bio=&#8221;A 5 minuts amb cotxe de la ciutat de Begur o fent un magn\u00edfic passeig envoltat de natura es troba la bella i acollidora platja d&#8217;Aiguafreda, una destinaci\u00f3 que avui dia segueix gaudint del t\u00edpic encant que aporten els pescadors de la zona en pescar en una de les meravelloses roques que voregen la cala.<br \/>\nL&#8217;edifici sobre el qual es va construir l&#8217;InterContinental Madrid va ser el Palau del Ducado d&#8217;Aliaga, dissenyat per l&#8217;arquitecte Eugenio Jim\u00e9nez Correa.<br \/>\nEls anys d&#8217;esplendor de la noblesa espanyola van arribar a la fi a la d\u00e8cada dels 50, per\u00edode en qu\u00e8 les grans fam\u00edlies espanyoles van deixar els seus exuberants palaus que havien constru\u00eft al Passeig de la Castellana.&#8221; social_link_1=&#8221;https:\/\/www.instagram.com\/conventgrup\/&#8221; social_link_2=&#8221;https:\/\/www.facebook.com\/conventgrup\/&#8221; social_icon_1=&#8221;fa fa-instagram&#8221; social_icon_2=&#8221;fa fa-facebook&#8221;][\/vc_column][vc_column column_padding=&#8221;no-extra-padding&#8221; column_padding_tablet=&#8221;inherit&#8221; column_padding_phone=&#8221;inherit&#8221; column_padding_position=&#8221;all&#8221; centered_text=&#8221;true&#8221; background_color_opacity=&#8221;1&#8243; background_hover_color_opacity=&#8221;1&#8243; column_shadow=&#8221;none&#8221; column_border_radius=&#8221;none&#8221; column_link_target=&#8221;_self&#8221; gradient_direction=&#8221;left_to_right&#8221; overlay_strength=&#8221;0.3&#8243; width=&#8221;1\/2&#8243; tablet_width_inherit=&#8221;default&#8221; tablet_text_alignment=&#8221;default&#8221; phone_text_alignment=&#8221;default&#8221; column_border_width=&#8221;none&#8221; column_border_style=&#8221;solid&#8221; bg_image_animation=&#8221;none&#8221;][team_member image_url=&#8221;10372&#8243; bio_alt_image_url=&#8221;10374&#8243; team_memeber_style=&#8221;bio_fullscreen_alt&#8221; image_loading=&#8221;default&#8221; name=&#8221;SA RIERA&#8221; job_position=&#8221;Platja&#8221; team_member_mini_bio=&#8221;M\u00e0gica, tranquil\u00b7la i aut\u00e8ntica. Una de les platges imperdibles de Begur.&#8221; team_member_bio=&#8221;Un veritable luxe per a les \u00e0nimes rom\u00e0ntiques. Una espectacular cala protegida per la natura salvatge m\u00e9s caracter\u00edstica de la regi\u00f3. Passegeu per un cam\u00ed natural al costat de l&#8217;Hotel Convent de Begur o aneu amb cotxe, per arribar a un lloc encantador ple de m\u00e0gia i inspiraci\u00f3, Sa Riera, que rep el seu nom del torrent que desembocava a la seva riba.&#8221; social_link_1=&#8221;https:\/\/www.instagram.com\/conventgrup\/&#8221; social_link_2=&#8221;https:\/\/www.facebook.com\/conventgrup\/&#8221; social_icon_1=&#8221;fa fa-instagram&#8221; social_icon_2=&#8221;fa fa-facebook&#8221;][\/vc_column][\/vc_row][vc_row type=&#8221;in_container&#8221; full_screen_row_position=&#8221;middle&#8221; column_margin=&#8221;default&#8221; column_direction=&#8221;default&#8221; column_direction_tablet=&#8221;default&#8221; column_direction_phone=&#8221;default&#8221; scene_position=&#8221;center&#8221; text_color=&#8221;dark&#8221; text_align=&#8221;left&#8221; row_border_radius=&#8221;none&#8221; row_border_radius_applies=&#8221;bg&#8221; overlay_strength=&#8221;0.3&#8243; gradient_direction=&#8221;left_to_right&#8221; shape_divider_position=&#8221;bottom&#8221; bg_image_animation=&#8221;none&#8221;][vc_column column_padding=&#8221;no-extra-padding&#8221; column_padding_tablet=&#8221;inherit&#8221; column_padding_phone=&#8221;inherit&#8221; column_padding_position=&#8221;all&#8221; centered_text=&#8221;true&#8221; background_color_opacity=&#8221;1&#8243; background_hover_color_opacity=&#8221;1&#8243; column_shadow=&#8221;none&#8221; column_border_radius=&#8221;none&#8221; column_link_target=&#8221;_self&#8221; gradient_direction=&#8221;left_to_right&#8221; overlay_strength=&#8221;0.3&#8243; width=&#8221;1\/2&#8243; tablet_width_inherit=&#8221;default&#8221; tablet_text_alignment=&#8221;default&#8221; phone_text_alignment=&#8221;default&#8221; column_border_width=&#8221;none&#8221; column_border_style=&#8221;solid&#8221; bg_image_animation=&#8221;none&#8221;][team_member image_url=&#8221;10376&#8243; bio_alt_image_url=&#8221;10378&#8243; team_memeber_style=&#8221;bio_fullscreen_alt&#8221; image_loading=&#8221;lazy-load&#8221; name=&#8221;AIGUABLAVA&#8221; job_position=&#8221;Platja&#8221; team_member_mini_bio=&#8221;Aut\u00e8ntica platja flanquejada per belles roques i restaurants ideals.&#8221; team_member_bio=&#8221;El Petit Convent us recomana arribar fins aqu\u00ed pel majestu\u00f3s cam\u00ed de ronda que us porta a la dreta de la cala. \u00c9s aqu\u00ed, a trav\u00e9s dels raigs del sol, on s&#8217;assegura la millor vista del magn\u00edfic color safir i del fons mar\u00ed d&#8217;aquesta costa. A m\u00e9s de la seva reconeguda fama com una de les platges m\u00e9s espectaculars del Mediterrani, Aiguablava \u00e9s una de les zones gastron\u00f2miques m\u00e9s prestigioses de la Costa Brava, i \u00e9s especialment recomanable l&#8217;arr\u00f2s negre i la llagosta salvatge a la brasa. A m\u00e9s, des d&#8217;aqu\u00ed podeu gaudir d&#8217;unes vistes espectaculars i memorables.&#8221; social_link_1=&#8221;https:\/\/www.instagram.com\/conventgrup\/&#8221; social_link_2=&#8221;https:\/\/www.facebook.com\/conventgrup\/&#8221; social_icon_1=&#8221;fa fa-instagram&#8221; social_icon_2=&#8221;fa fa-facebook&#8221;][\/vc_column][vc_column column_padding=&#8221;no-extra-padding&#8221; column_padding_tablet=&#8221;inherit&#8221; column_padding_phone=&#8221;inherit&#8221; column_padding_position=&#8221;all&#8221; centered_text=&#8221;true&#8221; background_color_opacity=&#8221;1&#8243; background_hover_color_opacity=&#8221;1&#8243; column_shadow=&#8221;none&#8221; column_border_radius=&#8221;none&#8221; column_link_target=&#8221;_self&#8221; gradient_direction=&#8221;left_to_right&#8221; overlay_strength=&#8221;0.3&#8243; width=&#8221;1\/2&#8243; tablet_width_inherit=&#8221;default&#8221; tablet_text_alignment=&#8221;default&#8221; phone_text_alignment=&#8221;default&#8221; column_border_width=&#8221;none&#8221; column_border_style=&#8221;solid&#8221; bg_image_animation=&#8221;none&#8221;][team_member image_url=&#8221;10380&#8243; bio_alt_image_url=&#8221;10382&#8243; team_memeber_style=&#8221;bio_fullscreen_alt&#8221; image_loading=&#8221;lazy-load&#8221; name=&#8221;CAMINOS DE RONDA, COASTAL TRAILS&#8221; job_position=&#8221;Platja&#8221; team_member_mini_bio=&#8221;Li encantar\u00e0 la nostra recomanaci\u00f3 de fer una passejada per almenys algunes parts dels senders costaners.&#8221; team_member_bio=&#8221;Les passejades costaneres pels escarpats penya-segats de la costa de Begur s\u00f3n una de les experi\u00e8ncies \u00faniques i imperdibles de la Costa Brava. \u00c9s un recorregut espectacular perqu\u00e8 qualsevol persona, des de parelles i turistes fins a excursionistes, pugui viure una aventura al llarg dels penya-segats de gaireb\u00e9 100 m d&#8217;al\u00e7ada a l&#8217;ombra d&#8217;enormes pins centen\u00e0ries.<\/p>\n<p>Els camins de ronda tenen una longitud total de 20 km. Estan separats en quatre trams al llarg de la costa que hem resumit tot seguit.<\/p>\n<p>Tram Sa Riera &#8211; Illa Roja &#8211; Platja del Rac\u00f3 &#8211; Illa Roja &#8211; Sa Riera (1h 30min, 1,6km)<br \/>\nTram Sa Riera &#8211; Punta de la Creu &#8211; Sa Riera (1h, 3km)<br \/>\nTram Aiguafreda &#8211; Sa Tuna &#8211; Aiguafreda (40min, 2,25km)<br \/>\nTram Aiguablava &#8211; Fornells &#8211; Platja Fonda &#8211; Fornells &#8211; Aiguablava (2h, de 2 a 5km)<\/p>\n<p>Us recomanem encaridament que en segueixi una. Al nostre hotel de Begur us facilitarem mapes i guies GPS perqu\u00e8 tot transcorri amb normalitat.&#8221; social_link_1=&#8221;https:\/\/www.instagram.com\/conventgrup\/&#8221; social_link_2=&#8221;https:\/\/www.facebook.com\/conventgrup\/&#8221; social_icon_1=&#8221;fa fa-instagram&#8221; social_icon_2=&#8221;fa fa-facebook&#8221;][\/vc_column][\/vc_row]\n","protected":false},"excerpt":{"rendered":"<p>[vc_row type=&#8221;in_container&#8221; full_screen_row_position=&#8221;middle&#8221; column_margin=&#8221;default&#8221; column_direction=&#8221;default&#8221; column_direction_tablet=&#8221;default&#8221; column_direction_phone=&#8221;default&#8221; scene_position=&#8221;center&#8221; text_color=&#8221;dark&#8221; text_align=&#8221;left&#8221; row_border_radius=&#8221;none&#8221; row_border_radius_applies=&#8221;bg&#8221; overlay_strength=&#8221;0.3&#8243; gradient_direction=&#8221;left_to_right&#8221; shape_divider_position=&#8221;bottom&#8221; bg_image_animation=&#8221;none&#8221;][vc_column column_padding=&#8221;no-extra-padding&#8221; column_padding_tablet=&#8221;inherit&#8221; column_padding_phone=&#8221;inherit&#8221; column_padding_position=&#8221;all&#8221; background_color_opacity=&#8221;1&#8243; background_hover_color_opacity=&#8221;1&#8243; column_shadow=&#8221;none&#8221; column_border_radius=&#8221;none&#8221; column_link_target=&#8221;_self&#8221; gradient_direction=&#8221;left_to_right&#8221; overlay_strength=&#8221;0.3&#8243; width=&#8221;1\/1&#8243; tablet_width_inherit=&#8221;default&#8221; tablet_text_alignment=&#8221;default&#8221;&#8230;<\/p>\n","protected":false},"author":3,"featured_media":0,"parent":0,"menu_order":0,"comment_status":"closed","ping_status":"closed","template":"","meta":{"_joinchat":[]},"_links":{"self":[{"href":"https:\/\/www.petitconvent.com\/ca\/wp-json\/wp\/v2\/pages\/10884"}],"collection":[{"href":"https:\/\/www.petitconvent.com\/ca\/wp-json\/wp\/v2\/pages"}],"about":[{"href":"https:\/\/www.petitconvent.com\/ca\/wp-json\/wp\/v2\/types\/page"}],"author":[{"embeddable":true,"href":"https:\/\/www.petitconvent.com\/ca\/wp-json\/wp\/v2\/users\/3"}],"replies":[{"embeddable":true,"href":"https:\/\/www.petitconvent.com\/ca\/wp-json\/wp\/v2\/comments?post=10884"}],"version-history":[{"count":3,"href":"https:\/\/www.petitconvent.com\/ca\/wp-json\/wp\/v2\/pages\/10884\/revisions"}],"predecessor-version":[{"id":10898,"href":"https:\/\/www.petitconvent.com\/ca\/wp-json\/wp\/v2\/pages\/10884\/revisions\/10898"}],"wp:attachment":[{"href":"https:\/\/www.petitconvent.com\/ca\/wp-json\/wp\/v2\/media?parent=10884"}],"curies":[{"name":"wp","href":"https:\/\/api.w.org\/{rel}","templated":true}]}}